{"id":46,"date":"2025-04-09T12:35:15","date_gmt":"2025-04-09T12:35:15","guid":{"rendered":"https:\/\/demo.logic.ee\/koolifilm\/?page_id=46"},"modified":"2025-04-28T14:46:19","modified_gmt":"2025-04-28T11:46:19","slug":"about-us","status":"publish","type":"page","link":"https:\/\/koolifilm.ee\/en\/about-us\/","title":{"rendered":"About Us"},"content":{"rendered":"\n<h2 class=\"wp-block-heading\">Youth Film Festival Koolfilm<\/h2>\n\n\n\n<p>koolifilm.fest@gmail.com<br><br>Koolifilm Festival is a film festival in Tallinn, Estonia, focused on providing young filmmakers a space to showcase their work and give them opportunities to meet and learn from professionals in the film world. The festival is organised and managed by a team of young creatives, so the festival truly is for the youth, by the youth!<br><br><br><\/p>\n\n\n\n<h2 class=\"wp-block-heading\">Kinomaja Film School<\/h2>\n\n\n\n<p>kinomajafilmikool@gmail.com<br><br>2022 aastal otsustasid kaks re\u017eiss\u00f6\u00f6ri &#8211; Eva K\u00fcbar ja Liina S\u00e4rkinen, kes olid eelnevalt erinevates koolides, laagrites noortele filmi \u00f5petanud, et on aeg avada noortele p\u00e4ris oma filmikodu, kus nad saaks p\u00f5hjalikumalt filmimaailma siseneda. Kinomaja Filmikool avas oma uksed 2022 s\u00fcgisel ning tegutsema asus kolm gruppi &#8211; kaks eestikeelset ja \u00fcks rahvusvaheline, mille t\u00f6\u00f6keeleks inglise keel.<\/p>\n\n\n\n<p>Kool toimub aastapikkuse kursuse vormis, mille jooksul moodustavad noored osalejad produktsioonitiimi, kus igal osalejal on t\u00e4ita oma kindel roll &#8211; stsenarist, re\u017eiss\u00f6\u00f6r, operaator, helimees, produtsent jne.<\/p>\n\n\n\n<p><\/p>\n","protected":false},"excerpt":{"rendered":"<p>Youth Film Festival Koolfilm koolifilm.fest@gmail.com Koolifilm Festival is a film festival in Tallinn, Estonia, focused on providing young filmmakers a space to showcase their work and give them opportunities to meet and learn from professionals in the film world. The festival is organised and managed by a team of young creatives, so the festival truly <a href=\"https:\/\/koolifilm.ee\/en\/about-us\/\" class=\"more-link\">&#8230;<span class=\"screen-reader-text\">  About Us<\/span><\/a><\/p>\n","protected":false},"author":1,"featured_media":0,"parent":0,"menu_order":0,"comment_status":"closed","ping_status":"closed","template":"","meta":{"_acf_changed":false,"pgc_sgb_lightbox_settings":"","footnotes":""},"class_list":["post-46","page","type-page","status-publish","hentry"],"acf":[],"yoast_head":"<!-- This site is optimized with the Yoast SEO plugin v27.6 - https:\/\/yoast.com\/product\/yoast-seo-wordpress\/ -->\n<title>About Us - Koolifilm<\/title>\n<meta name=\"robots\" content=\"index, follow, max-snippet:-1, max-image-preview:large, max-video-preview:-1\" \/>\n<link rel=\"canonical\" href=\"https:\/\/koolifilm.ee\/en\/about-us\/\" \/>\n<meta property=\"og:locale\" content=\"en_US\" \/>\n<meta property=\"og:type\" content=\"article\" \/>\n<meta property=\"og:title\" content=\"About Us - Koolifilm\" \/>\n<meta property=\"og:description\" content=\"Youth Film Festival Koolfilm koolifilm.fest@gmail.com Koolifilm Festival is a film festival in Tallinn, Estonia, focused on providing young filmmakers a space to showcase their work and give them opportunities to meet and learn from professionals in the film world. The festival is organised and managed by a team of young creatives, so the festival truly ... About Us\" \/>\n<meta property=\"og:url\" content=\"https:\/\/koolifilm.ee\/en\/about-us\/\" \/>\n<meta property=\"og:site_name\" content=\"Koolifilm\" \/>\n<meta property=\"article:publisher\" content=\"https:\/\/www.facebook.com\/KoolifilmFest\" \/>\n<meta property=\"article:modified_time\" content=\"2025-04-28T11:46:19+00:00\" \/>\n<meta property=\"og:image\" content=\"https:\/\/koolifilm.ee\/wp-content\/uploads\/2025\/04\/SINGLE_LOGO_Centered.png\" \/>\n\t<meta property=\"og:image:width\" content=\"2480\" \/>\n\t<meta property=\"og:image:height\" content=\"2480\" \/>\n\t<meta property=\"og:image:type\" content=\"image\/png\" \/>\n<meta name=\"twitter:card\" content=\"summary_large_image\" \/>\n<meta name=\"twitter:label1\" content=\"Est. reading time\" \/>\n\t<meta name=\"twitter:data1\" content=\"1 minute\" \/>\n<script type=\"application\/ld+json\" class=\"yoast-schema-graph\">{\"@context\":\"https:\\\/\\\/schema.org\",\"@graph\":[{\"@type\":\"WebPage\",\"@id\":\"https:\\\/\\\/koolifilm.ee\\\/en\\\/about-us\\\/\",\"url\":\"https:\\\/\\\/koolifilm.ee\\\/en\\\/about-us\\\/\",\"name\":\"About Us - Koolifilm\",\"isPartOf\":{\"@id\":\"https:\\\/\\\/koolifilm.ee\\\/en\\\/#website\"},\"datePublished\":\"2025-04-09T12:35:15+00:00\",\"dateModified\":\"2025-04-28T11:46:19+00:00\",\"breadcrumb\":{\"@id\":\"https:\\\/\\\/koolifilm.ee\\\/en\\\/about-us\\\/#breadcrumb\"},\"inLanguage\":\"en-US\",\"potentialAction\":[{\"@type\":\"ReadAction\",\"target\":[\"https:\\\/\\\/koolifilm.ee\\\/en\\\/about-us\\\/\"]}]},{\"@type\":\"BreadcrumbList\",\"@id\":\"https:\\\/\\\/koolifilm.ee\\\/en\\\/about-us\\\/#breadcrumb\",\"itemListElement\":[{\"@type\":\"ListItem\",\"position\":1,\"name\":\"Home\",\"item\":\"https:\\\/\\\/koolifilm.ee\\\/en\\\/\"},{\"@type\":\"ListItem\",\"position\":2,\"name\":\"About Us\"}]},{\"@type\":\"WebSite\",\"@id\":\"https:\\\/\\\/koolifilm.ee\\\/en\\\/#website\",\"url\":\"https:\\\/\\\/koolifilm.ee\\\/en\\\/\",\"name\":\"Koolifilm\",\"description\":\"\",\"publisher\":{\"@id\":\"https:\\\/\\\/koolifilm.ee\\\/en\\\/#organization\"},\"potentialAction\":[{\"@type\":\"SearchAction\",\"target\":{\"@type\":\"EntryPoint\",\"urlTemplate\":\"https:\\\/\\\/koolifilm.ee\\\/en\\\/?s={search_term_string}\"},\"query-input\":{\"@type\":\"PropertyValueSpecification\",\"valueRequired\":true,\"valueName\":\"search_term_string\"}}],\"inLanguage\":\"en-US\"},{\"@type\":\"Organization\",\"@id\":\"https:\\\/\\\/koolifilm.ee\\\/en\\\/#organization\",\"name\":\"Koolifilm\",\"url\":\"https:\\\/\\\/koolifilm.ee\\\/en\\\/\",\"logo\":{\"@type\":\"ImageObject\",\"inLanguage\":\"en-US\",\"@id\":\"https:\\\/\\\/koolifilm.ee\\\/en\\\/#\\\/schema\\\/logo\\\/image\\\/\",\"url\":\"https:\\\/\\\/koolifilm.ee\\\/wp-content\\\/uploads\\\/2025\\\/04\\\/header-logo-filmikool.png\",\"contentUrl\":\"https:\\\/\\\/koolifilm.ee\\\/wp-content\\\/uploads\\\/2025\\\/04\\\/header-logo-filmikool.png\",\"width\":1104,\"height\":690,\"caption\":\"Koolifilm\"},\"image\":{\"@id\":\"https:\\\/\\\/koolifilm.ee\\\/en\\\/#\\\/schema\\\/logo\\\/image\\\/\"},\"sameAs\":[\"https:\\\/\\\/www.facebook.com\\\/KoolifilmFest\",\"https:\\\/\\\/www.instagram.com\\\/koolifilmfest\\\/\",\"https:\\\/\\\/www.youtube.com\\\/@KoolifilmFest\"]}]}<\/script>\n<!-- \/ Yoast SEO plugin. -->","yoast_head_json":{"title":"About Us - Koolifilm","robots":{"index":"index","follow":"follow","max-snippet":"max-snippet:-1","max-image-preview":"max-image-preview:large","max-video-preview":"max-video-preview:-1"},"canonical":"https:\/\/koolifilm.ee\/en\/about-us\/","og_locale":"en_US","og_type":"article","og_title":"About Us - Koolifilm","og_description":"Youth Film Festival Koolfilm koolifilm.fest@gmail.com Koolifilm Festival is a film festival in Tallinn, Estonia, focused on providing young filmmakers a space to showcase their work and give them opportunities to meet and learn from professionals in the film world. The festival is organised and managed by a team of young creatives, so the festival truly ... About Us","og_url":"https:\/\/koolifilm.ee\/en\/about-us\/","og_site_name":"Koolifilm","article_publisher":"https:\/\/www.facebook.com\/KoolifilmFest","article_modified_time":"2025-04-28T11:46:19+00:00","og_image":[{"width":2480,"height":2480,"url":"https:\/\/koolifilm.ee\/wp-content\/uploads\/2025\/04\/SINGLE_LOGO_Centered.png","type":"image\/png"}],"twitter_card":"summary_large_image","twitter_misc":{"Est. reading time":"1 minute"},"schema":{"@context":"https:\/\/schema.org","@graph":[{"@type":"WebPage","@id":"https:\/\/koolifilm.ee\/en\/about-us\/","url":"https:\/\/koolifilm.ee\/en\/about-us\/","name":"About Us - Koolifilm","isPartOf":{"@id":"https:\/\/koolifilm.ee\/en\/#website"},"datePublished":"2025-04-09T12:35:15+00:00","dateModified":"2025-04-28T11:46:19+00:00","breadcrumb":{"@id":"https:\/\/koolifilm.ee\/en\/about-us\/#breadcrumb"},"inLanguage":"en-US","potentialAction":[{"@type":"ReadAction","target":["https:\/\/koolifilm.ee\/en\/about-us\/"]}]},{"@type":"BreadcrumbList","@id":"https:\/\/koolifilm.ee\/en\/about-us\/#breadcrumb","itemListElement":[{"@type":"ListItem","position":1,"name":"Home","item":"https:\/\/koolifilm.ee\/en\/"},{"@type":"ListItem","position":2,"name":"About Us"}]},{"@type":"WebSite","@id":"https:\/\/koolifilm.ee\/en\/#website","url":"https:\/\/koolifilm.ee\/en\/","name":"Koolifilm","description":"","publisher":{"@id":"https:\/\/koolifilm.ee\/en\/#organization"},"potentialAction":[{"@type":"SearchAction","target":{"@type":"EntryPoint","urlTemplate":"https:\/\/koolifilm.ee\/en\/?s={search_term_string}"},"query-input":{"@type":"PropertyValueSpecification","valueRequired":true,"valueName":"search_term_string"}}],"inLanguage":"en-US"},{"@type":"Organization","@id":"https:\/\/koolifilm.ee\/en\/#organization","name":"Koolifilm","url":"https:\/\/koolifilm.ee\/en\/","logo":{"@type":"ImageObject","inLanguage":"en-US","@id":"https:\/\/koolifilm.ee\/en\/#\/schema\/logo\/image\/","url":"https:\/\/koolifilm.ee\/wp-content\/uploads\/2025\/04\/header-logo-filmikool.png","contentUrl":"https:\/\/koolifilm.ee\/wp-content\/uploads\/2025\/04\/header-logo-filmikool.png","width":1104,"height":690,"caption":"Koolifilm"},"image":{"@id":"https:\/\/koolifilm.ee\/en\/#\/schema\/logo\/image\/"},"sameAs":["https:\/\/www.facebook.com\/KoolifilmFest","https:\/\/www.instagram.com\/koolifilmfest\/","https:\/\/www.youtube.com\/@KoolifilmFest"]}]}},"_links":{"self":[{"href":"https:\/\/koolifilm.ee\/en\/wp-json\/wp\/v2\/pages\/46","targetHints":{"allow":["GET"]}}],"collection":[{"href":"https:\/\/koolifilm.ee\/en\/wp-json\/wp\/v2\/pages"}],"about":[{"href":"https:\/\/koolifilm.ee\/en\/wp-json\/wp\/v2\/types\/page"}],"author":[{"embeddable":true,"href":"https:\/\/koolifilm.ee\/en\/wp-json\/wp\/v2\/users\/1"}],"replies":[{"embeddable":true,"href":"https:\/\/koolifilm.ee\/en\/wp-json\/wp\/v2\/comments?post=46"}],"version-history":[{"count":8,"href":"https:\/\/koolifilm.ee\/en\/wp-json\/wp\/v2\/pages\/46\/revisions"}],"predecessor-version":[{"id":534,"href":"https:\/\/koolifilm.ee\/en\/wp-json\/wp\/v2\/pages\/46\/revisions\/534"}],"wp:attachment":[{"href":"https:\/\/koolifilm.ee\/en\/wp-json\/wp\/v2\/media?parent=46"}],"curies":[{"name":"wp","href":"https:\/\/api.w.org\/{rel}","templated":true}]}}